{"id":1230,"date":"2024-12-12T16:10:56","date_gmt":"2024-12-12T16:10:56","guid":{"rendered":"https:\/\/lesamo.si\/?post_type=product&#038;p=1230"},"modified":"2024-12-12T16:12:20","modified_gmt":"2024-12-12T16:12:20","slug":"lesena-gajbica","status":"publish","type":"product","link":"https:\/\/lesamo.si\/?product=lesena-gajbica","title":{"rendered":"Lesena gajbica"},"content":{"rendered":"<p>Lesena dekorativna gajbica iz smrekovega lesa. Mo\u017enost izdelave razli\u010dnih dimenzij po naro\u010dilu.<\/p>\n<p>&nbsp;<\/p>\n","protected":false},"excerpt":{"rendered":"<p>Lesena dekorativna gajbica iz smrekovega lesa. Mo\u017enost izdelave razli\u010dnih dimenzij [&hellip;]<\/p>\n","protected":false},"featured_media":0,"comment_status":"open","ping_status":"closed","template":"","meta":[],"product_brand":[],"product_cat":[15,36],"product_tag":[],"class_list":{"0":"post-1230","1":"product","2":"type-product","3":"status-publish","5":"product_cat-uncategorized","6":"product_cat-kuhinja","8":"first","9":"instock","10":"shipping-taxable","11":"product-type-simple"},"jetpack_sharing_enabled":true,"_links":{"self":[{"href":"https:\/\/lesamo.si\/index.php?rest_route=\/wp\/v2\/product\/1230","targetHints":{"allow":["GET"]}}],"collection":[{"href":"https:\/\/lesamo.si\/index.php?rest_route=\/wp\/v2\/product"}],"about":[{"href":"https:\/\/lesamo.si\/index.php?rest_route=\/wp\/v2\/types\/product"}],"replies":[{"embeddable":true,"href":"https:\/\/lesamo.si\/index.php?rest_route=%2Fwp%2Fv2%2Fcomments&post=1230"}],"wp:attachment":[{"href":"https:\/\/lesamo.si\/index.php?rest_route=%2Fwp%2Fv2%2Fmedia&parent=1230"}],"wp:term":[{"taxonomy":"product_brand","embeddable":true,"href":"https:\/\/lesamo.si\/index.php?rest_route=%2Fwp%2Fv2%2Fproduct_brand&post=1230"},{"taxonomy":"product_cat","embeddable":true,"href":"https:\/\/lesamo.si\/index.php?rest_route=%2Fwp%2Fv2%2Fproduct_cat&post=1230"},{"taxonomy":"product_tag","embeddable":true,"href":"https:\/\/lesamo.si\/index.php?rest_route=%2Fwp%2Fv2%2Fproduct_tag&post=1230"}],"curies":[{"name":"wp","href":"https:\/\/api.w.org\/{rel}","templated":true}]}}