{"id":1265,"date":"2025-12-10T14:19:32","date_gmt":"2025-12-10T14:19:32","guid":{"rendered":"https:\/\/lesamo.si\/?post_type=product&#038;p=1265"},"modified":"2025-12-10T14:19:32","modified_gmt":"2025-12-10T14:19:32","slug":"kolekcija-bozicna-harmonija","status":"publish","type":"product","link":"https:\/\/lesamo.si\/?product=kolekcija-bozicna-harmonija","title":{"rendered":"Kolekcija \u201cBo\u017ei\u010dna Harmonija\u201d"},"content":{"rendered":"<p data-start=\"185\" data-end=\"484\"><em data-start=\"185\" data-end=\"214\">Kolekcija Bo\u017ei\u010dna Harmonija<\/em> zdru\u017euje toplino naravnega lesa in dovr\u0161eno ve\u010dplastno oblikovanje, ki pri\u010dara pristno prazni\u010dno vzdu\u0161je. Vsak okrasek je natan\u010dno lasersko izrezan in ro\u010dno sestavljen iz ve\u010d plasti, kar ustvari \u010dudovit tridimenzionalni u\u010dinek ter daje motivom globino in \u017eivljenjskost.<\/p>\n<p data-start=\"486\" data-end=\"753\">V kolekciji se prepletajo ne\u017eni bo\u017ei\u010dni prizori \u2013 od mirne podobe jaslic do ljubkega jelen\u010dka v zimskem objemu. Okraski so lahki, naravnega videza in popolni za okra\u0161evanje bo\u017ei\u010dnega drevesa, prazni\u010dnih aran\u017emajev ali kot pozorno darilo, ki ohranja toplino praznikov.<\/p>\n<p data-start=\"755\" data-end=\"857\">Z <em data-start=\"757\" data-end=\"776\">Bo\u017ei\u010dno Harmonijo<\/em> v dom prinesete ob\u010dutek miru, dru\u017einske povezanosti in pristnega bo\u017ei\u010dnega duha.<\/p>\n<p data-start=\"755\" data-end=\"857\">\n<p data-start=\"755\" data-end=\"857\">\n","protected":false},"excerpt":{"rendered":"<p>Kolekcija Bo\u017ei\u010dna Harmonija zdru\u017euje toplino naravnega lesa in dovr\u0161eno ve\u010dplastno [&hellip;]<\/p>\n","protected":false},"featured_media":0,"comment_status":"open","ping_status":"closed","template":"","meta":[],"product_brand":[],"product_cat":[15],"product_tag":[],"class_list":{"0":"post-1265","1":"product","2":"type-product","3":"status-publish","5":"product_cat-uncategorized","7":"first","8":"instock","9":"shipping-taxable","10":"product-type-simple"},"jetpack_sharing_enabled":true,"_links":{"self":[{"href":"https:\/\/lesamo.si\/index.php?rest_route=\/wp\/v2\/product\/1265","targetHints":{"allow":["GET"]}}],"collection":[{"href":"https:\/\/lesamo.si\/index.php?rest_route=\/wp\/v2\/product"}],"about":[{"href":"https:\/\/lesamo.si\/index.php?rest_route=\/wp\/v2\/types\/product"}],"replies":[{"embeddable":true,"href":"https:\/\/lesamo.si\/index.php?rest_route=%2Fwp%2Fv2%2Fcomments&post=1265"}],"wp:attachment":[{"href":"https:\/\/lesamo.si\/index.php?rest_route=%2Fwp%2Fv2%2Fmedia&parent=1265"}],"wp:term":[{"taxonomy":"product_brand","embeddable":true,"href":"https:\/\/lesamo.si\/index.php?rest_route=%2Fwp%2Fv2%2Fproduct_brand&post=1265"},{"taxonomy":"product_cat","embeddable":true,"href":"https:\/\/lesamo.si\/index.php?rest_route=%2Fwp%2Fv2%2Fproduct_cat&post=1265"},{"taxonomy":"product_tag","embeddable":true,"href":"https:\/\/lesamo.si\/index.php?rest_route=%2Fwp%2Fv2%2Fproduct_tag&post=1265"}],"curies":[{"name":"wp","href":"https:\/\/api.w.org\/{rel}","templated":true}]}}